{"id":176,"date":"2016-10-13T14:50:01","date_gmt":"2016-10-13T12:50:01","guid":{"rendered":"http:\/\/ibk-fussboden.de\/?page_id=176"},"modified":"2018-09-27T11:53:55","modified_gmt":"2018-09-27T09:53:55","slug":"warum-kleben-accordeon","status":"publish","type":"page","link":"https:\/\/ibk-fussboden.de\/?page_id=176","title":{"rendered":"Ratgeber: Warum kleben \u00dcbersicht"},"content":{"rendered":"<h3><img loading=\"lazy\" decoding=\"async\" class=\"alignleft size-medium\" src=\"http:\/\/ibk-fussboden.de\/wp-content\/uploads\/corporate\/acc-plus.png\" alt=\"\" width=\"20\" height=\"20\" \/><\/h3>\r\n<h3><a href=\"?cat=35\">Gestaltungs- &amp; Einsatzm\u00f6glichkeiten<\/a><\/h3>\r\n<h3><img loading=\"lazy\" decoding=\"async\" class=\"alignleft size-medium\" src=\"http:\/\/ibk-fussboden.de\/wp-content\/uploads\/corporate\/acc-plus.png\" alt=\"\" width=\"20\" height=\"20\" \/><\/h3>\r\n<h3><a href=\"?cat=36\">Pflege &amp; Renovierung<\/a><\/h3>\r\n<h3><img loading=\"lazy\" decoding=\"async\" class=\"alignleft size-medium\" src=\"http:\/\/ibk-fussboden.de\/wp-content\/uploads\/corporate\/acc-plus.png\" alt=\"\" width=\"20\" height=\"20\" \/><\/h3>\r\n<h3><a href=\"?cat=37\">Umwelt &amp; Gesundheit<\/a><\/h3>\r\n<h3><img loading=\"lazy\" decoding=\"async\" class=\"alignleft size-medium\" src=\"http:\/\/ibk-fussboden.de\/wp-content\/uploads\/corporate\/acc-plus.png\" alt=\"\" width=\"20\" height=\"20\" \/><\/h3>\r\n<h3><a href=\"?cat=39\">Komfort &amp; Wert<\/a><\/h3>\r\n<h3><img loading=\"lazy\" decoding=\"async\" class=\"alignleft size-medium\" src=\"http:\/\/ibk-fussboden.de\/wp-content\/uploads\/corporate\/acc-plus.png\" alt=\"\" width=\"20\" height=\"20\" \/><\/h3>\r\n<h3><a href=\"?cat=38\">Fu\u00dfbodenheizung<\/a><\/h3>\r\n<h3><img loading=\"lazy\" decoding=\"async\" class=\"alignleft size-medium\" src=\"http:\/\/ibk-fussboden.de\/wp-content\/uploads\/corporate\/acc-plus.png\" alt=\"\" width=\"20\" height=\"20\" \/><\/h3>\r\n<h3><a href=\"?cat=40\">K\u00fcche &amp; Bad<\/a><\/h3>\r\n<h3><img loading=\"lazy\" decoding=\"async\" class=\"alignleft size-medium\" src=\"http:\/\/ibk-fussboden.de\/wp-content\/uploads\/corporate\/acc-plus.png\" alt=\"\" width=\"20\" height=\"20\" \/><\/h3>\r\n<h3><a href=\"?cat=41\">Schall<\/a><\/h3>\r\n<h3>\u00a0<\/h3>\r\n<p>&nbsp;<\/p>","protected":false},"excerpt":{"rendered":"<p>Gestaltungs- &amp; Einsatzm\u00f6glichkeiten Pflege &amp; Renovierung Umwelt &amp; Gesundheit Komfort &amp; Wert Fu\u00dfbodenheizung K\u00fcche &amp; Bad Schall \u00a0 &nbsp;<\/p>\n","protected":false},"author":1,"featured_media":0,"parent":0,"menu_order":0,"comment_status":"closed","ping_status":"closed","template":"","meta":{"footnotes":""},"class_list":["post-176","page","type-page","status-publish","hentry"],"_links":{"self":[{"href":"https:\/\/ibk-fussboden.de\/index.php?rest_route=\/wp\/v2\/pages\/176","targetHints":{"allow":["GET"]}}],"collection":[{"href":"https:\/\/ibk-fussboden.de\/index.php?rest_route=\/wp\/v2\/pages"}],"about":[{"href":"https:\/\/ibk-fussboden.de\/index.php?rest_route=\/wp\/v2\/types\/page"}],"author":[{"embeddable":true,"href":"https:\/\/ibk-fussboden.de\/index.php?rest_route=\/wp\/v2\/users\/1"}],"replies":[{"embeddable":true,"href":"https:\/\/ibk-fussboden.de\/index.php?rest_route=%2Fwp%2Fv2%2Fcomments&post=176"}],"version-history":[{"count":21,"href":"https:\/\/ibk-fussboden.de\/index.php?rest_route=\/wp\/v2\/pages\/176\/revisions"}],"predecessor-version":[{"id":924,"href":"https:\/\/ibk-fussboden.de\/index.php?rest_route=\/wp\/v2\/pages\/176\/revisions\/924"}],"wp:attachment":[{"href":"https:\/\/ibk-fussboden.de\/index.php?rest_route=%2Fwp%2Fv2%2Fmedia&parent=176"}],"curies":[{"name":"wp","href":"https:\/\/api.w.org\/{rel}","templated":true}]}}