{"id":511,"date":"2016-12-05T14:57:12","date_gmt":"2016-12-05T12:57:12","guid":{"rendered":"http:\/\/ibk-fussboden.de\/?page_id=511"},"modified":"2018-05-07T18:06:00","modified_gmt":"2018-05-07T16:06:00","slug":"fuers-handwerk-infoseite","status":"publish","type":"page","link":"https:\/\/ibk-fussboden.de\/?page_id=511","title":{"rendered":"F\u00fcrs Handwerk-Infoseite"},"content":{"rendered":"<h4><strong>Services f\u00fcr Handwerker<\/strong><\/h4>\r\n<h2><a href=\"?page_id=434\">Zum Mitgliederbereich\/Login<\/a><\/h2>\r\n<p>Sind Sie im Handwerk t\u00e4tig? <a href=\"mailto:info@schaal-trostner.de?subject=Passwort-Anfrage IBK-Fu\u00dfboden&amp;body=Bitte%20schicken%20Sie%20mir\/uns%20die%20Zugangsdaten%20f\u00fcr%20den%20Mitgliederbereich%20der%20IBK-Seite.\">Dann klicken Sie einfach hier und fordern Ihr Passwort an<\/a> und profitieren Sie von den IBK-Services. Wir freuen uns auf Ihre Registrierung.<\/p>\r\n<p><strong>\u00a0<\/strong><\/p>\r\n<p>Seit Januar 2016 engagiert sich die IBK (Initiative Bodenbel\u00e4ge kleben) durch Presse- und \u00d6ffentlichkeitsarbeit erfolgreich f\u00fcr vollfl\u00e4chig geklebte Bodenbel\u00e4ge. Mitglieder sind international f\u00fchrende Unternehmen und Gremien der bauchemischen Industrie, Organisationen des Handwerks sowie die Medienpartner FussbodenTechnik und Objekt.<\/p>\r\n<p><a href=\"http:\/\/ibk-fussboden.de\/wp-content\/uploads\/IBK-Handwerker.jpg\"><img loading=\"lazy\" decoding=\"async\" class=\"alignleft wp-image-761\" src=\"http:\/\/ibk-fussboden.de\/wp-content\/uploads\/IBK-Handwerker.jpg\" alt=\"IBK-Handwerker\" width=\"257\" height=\"385\" \/><\/a>Endkunden werden hierdurch professionell beraten, denn die klassische Verlegeart bewirkt ein l\u00e4ngeres Leben und h\u00f6heren Komfort von Fu\u00dfb\u00f6den. Die Aktivit\u00e4ten n\u00fctzen den Mitgliedern sowie allen Herstellern von Verlegeprodukten und Bodenbel\u00e4gen. Auch das Handwerk profitiert. Schlie\u00dflich beherrschen nur Fachleute die professionelle Untergrundvorbereitung und Klebetechnik. Im Falle von klassisch verlegtem Parkett ist zudem sowohl bei der Neuverlegung als auch nach der Renovierung mehrfach die Oberfl\u00e4chenbehandlung durch \u00d6l oder Lack n\u00f6tig. Damit betrauen Bauherren ebenfalls den Fachmann. Zus\u00e4tzlich lohnt sich dies f\u00fcr Hersteller von Mitteln zur Oberfl\u00e4chenbehandlung. Durch ihre l\u00e4ngere Lebensdauer und den h\u00f6heren Komfort sorgen geklebte Bodenbel\u00e4ge f\u00fcr zufriedene Kunden und verbessern zugleich die Auftragslage der Fachleute. Hieraus ziehen jegliche Branchenteilnehmer im Bereich bauchemischer Verlegeprodukte, Bodenbelagshersteller und Fachhandwerker gro\u00dfen Nutzen.<\/p>\r\n<p>Speziell f\u00fcr Handwerker bietet die IBK viele Leistungen: IBK-Dialoge geben Unterst\u00fctzung im Kundengespr\u00e4ch. Sie behandeln typische Fragen wie sie Fachleuten im Berufsalltag begegnen und geben Antworten darauf. Die Dialoge werden von Vertretern aus Handwerk, Industrie, Fachgremien und Presse gemeinsam erarbeitet. IBK-Pressetexte f\u00fchren Bauherren ins Thema ein. Ein eigener Flyer zur kostenfreien Nutzung f\u00fcr Handwerksbetriebe bringt zus\u00e4tzlich f\u00fcr Ihre Kunden die Vorteile geklebter Bodenbel\u00e4ge auf den Punkt.<\/p>\r\n<p>Im passwortgesch\u00fctzten Bereich stehen all diese Extras f\u00fcr Handwerker kostenfrei zum Download bereit. Der IBK-Flyer ist erh\u00e4ltlich unter \u201eKontakt\u201c.<\/p>\r\n<p>&nbsp;<\/p>\r\n<h2>\u00a0<\/h2>","protected":false},"excerpt":{"rendered":"<p>Services f\u00fcr Handwerker Zum Mitgliederbereich\/Login Sind Sie im Handwerk t\u00e4tig? Dann klicken Sie einfach hier und fordern Ihr Passwort an und profitieren Sie von den IBK-Services. Wir freuen uns auf Ihre Registrierung. \u00a0 Seit Januar 2016 engagiert sich die IBK (Initiative Bodenbel\u00e4ge kleben) durch Presse- und \u00d6ffentlichkeitsarbeit erfolgreich f\u00fcr vollfl\u00e4chig geklebte Bodenbel\u00e4ge. Mitglieder sind international [&hellip;]<\/p>\n","protected":false},"author":1,"featured_media":0,"parent":0,"menu_order":0,"comment_status":"closed","ping_status":"closed","template":"","meta":{"footnotes":""},"class_list":["post-511","page","type-page","status-publish","hentry"],"_links":{"self":[{"href":"https:\/\/ibk-fussboden.de\/index.php?rest_route=\/wp\/v2\/pages\/511","targetHints":{"allow":["GET"]}}],"collection":[{"href":"https:\/\/ibk-fussboden.de\/index.php?rest_route=\/wp\/v2\/pages"}],"about":[{"href":"https:\/\/ibk-fussboden.de\/index.php?rest_route=\/wp\/v2\/types\/page"}],"author":[{"embeddable":true,"href":"https:\/\/ibk-fussboden.de\/index.php?rest_route=\/wp\/v2\/users\/1"}],"replies":[{"embeddable":true,"href":"https:\/\/ibk-fussboden.de\/index.php?rest_route=%2Fwp%2Fv2%2Fcomments&post=511"}],"version-history":[{"count":14,"href":"https:\/\/ibk-fussboden.de\/index.php?rest_route=\/wp\/v2\/pages\/511\/revisions"}],"predecessor-version":[{"id":868,"href":"https:\/\/ibk-fussboden.de\/index.php?rest_route=\/wp\/v2\/pages\/511\/revisions\/868"}],"wp:attachment":[{"href":"https:\/\/ibk-fussboden.de\/index.php?rest_route=%2Fwp%2Fv2%2Fmedia&parent=511"}],"curies":[{"name":"wp","href":"https:\/\/api.w.org\/{rel}","templated":true}]}}