{"id":79,"date":"2016-10-26T10:12:41","date_gmt":"2016-10-26T08:12:41","guid":{"rendered":"http:\/\/ibk-fussboden.de\/?page_id=79"},"modified":"2018-10-18T11:55:43","modified_gmt":"2018-10-18T09:55:43","slug":"startseite_neu","status":"publish","type":"page","link":"https:\/\/ibk-fussboden.de\/","title":{"rendered":"Fu\u00dfb\u00f6den in Bestform"},"content":{"rendered":"<p>Bodenbel\u00e4ge zu kleben statt schwimmend oder lose zu verlegen, bringt zahlreiche Vorteile. Durch die feste Verbindung zum Untergrund rutschen und schwingen die Bel\u00e4ge nicht beim Begehen \u2013 die Ger\u00e4uschkulisse bleibt angenehm. Unter Belastung entstehen keine Wellen, Fugen oder Beulen \u2013 zugunsten einer jahrelang makellosen Optik sowie gesteigerten Nachhaltigkeit und Wertigkeit. Zudem flie\u00dft die W\u00e4rme von Fu\u00dfbodenheizungen fast ungehindert in den Raum. Gestalterisch sind Materialkombis und die Verlegung durch mehrere R\u00e4ume ohne \u00dcbergangsprofile m\u00f6glich.<\/p>\r\n<p>In puncto Schallschutz, Langlebigkeit, Optik und Komfort bietet die klassische Verlegeart also viele Vorteile. Auch die Raumluft bleibt sauber und rein. Denn Profis nutzen f\u00fcr den Einbau gesundheits- und umweltvertr\u00e4gliche Verlegewerkstoffe mit EMICODE-Siegel oder &#8222;Blauem Engel&#8220;. F\u00fcr makellose Ergebnisse sorgt die Umsetzung durch den Fachhandwerker. Dieser beherrscht auch die professionelle Untergrundvorbereitung, die immer erforderlich ist &#8211; ob bei der geklebten oder schwimmenden Verlegung.<\/p>\r\n<p style=\"text-align: left;\">","protected":false},"excerpt":{"rendered":"<p>Bodenbel\u00e4ge zu kleben statt schwimmend oder lose zu verlegen, bringt zahlreiche Vorteile. Durch die feste Verbindung zum Untergrund rutschen und schwingen die Bel\u00e4ge nicht beim Begehen \u2013 die Ger\u00e4uschkulisse bleibt angenehm. Unter Belastung entstehen keine Wellen, Fugen oder Beulen \u2013 zugunsten einer jahrelang makellosen Optik sowie gesteigerten Nachhaltigkeit und Wertigkeit. Zudem flie\u00dft die W\u00e4rme von [&hellip;]<\/p>\n","protected":false},"author":1,"featured_media":0,"parent":0,"menu_order":1,"comment_status":"closed","ping_status":"closed","template":"","meta":{"footnotes":""},"class_list":["post-79","page","type-page","status-publish","hentry"],"_links":{"self":[{"href":"https:\/\/ibk-fussboden.de\/index.php?rest_route=\/wp\/v2\/pages\/79","targetHints":{"allow":["GET"]}}],"collection":[{"href":"https:\/\/ibk-fussboden.de\/index.php?rest_route=\/wp\/v2\/pages"}],"about":[{"href":"https:\/\/ibk-fussboden.de\/index.php?rest_route=\/wp\/v2\/types\/page"}],"author":[{"embeddable":true,"href":"https:\/\/ibk-fussboden.de\/index.php?rest_route=\/wp\/v2\/users\/1"}],"replies":[{"embeddable":true,"href":"https:\/\/ibk-fussboden.de\/index.php?rest_route=%2Fwp%2Fv2%2Fcomments&post=79"}],"version-history":[{"count":31,"href":"https:\/\/ibk-fussboden.de\/index.php?rest_route=\/wp\/v2\/pages\/79\/revisions"}],"predecessor-version":[{"id":926,"href":"https:\/\/ibk-fussboden.de\/index.php?rest_route=\/wp\/v2\/pages\/79\/revisions\/926"}],"wp:attachment":[{"href":"https:\/\/ibk-fussboden.de\/index.php?rest_route=%2Fwp%2Fv2%2Fmedia&parent=79"}],"curies":[{"name":"wp","href":"https:\/\/api.w.org\/{rel}","templated":true}]}}